{"id":617,"date":"2018-02-26T01:20:29","date_gmt":"2018-02-26T01:20:29","guid":{"rendered":"http:\/\/mentesverdesecotur.co\/?page_id=617"},"modified":"2023-12-19T20:01:33","modified_gmt":"2023-12-19T20:01:33","slug":"aviso-legal","status":"publish","type":"page","link":"https:\/\/mentesverdesecotur.co\/en\/aviso-legal\/","title":{"rendered":"Legal Notice"},"content":{"rendered":"<div data-elementor-type=\"wp-page\" data-elementor-id=\"617\" class=\"elementor elementor-617\" data-elementor-post-type=\"page\">\n\t\t\t\t\t\t<section class=\"elementor-section elementor-top-section elementor-element elementor-element-63f6b0c elementor-section-full_width elementor-section-height-default elementor-section-height-default\" data-id=\"63f6b0c\" data-element_type=\"section\" data-e-type=\"section\" data-settings=\"{&quot;background_background&quot;:&quot;classic&quot;}\">\n\t\t\t\t\t\t<div class=\"elementor-container elementor-column-gap-default\">\n\t\t\t\t\t<div class=\"elementor-column elementor-col-100 elementor-top-column elementor-element elementor-element-1377fa6d\" data-id=\"1377fa6d\" data-element_type=\"column\" data-e-type=\"column\">\n\t\t\t<div class=\"elementor-widget-wrap elementor-element-populated\">\n\t\t\t\t\t\t<div class=\"elementor-element elementor-element-1f8087fb elementor-widget elementor-widget-text-editor\" data-id=\"1f8087fb\" data-element_type=\"widget\" data-e-type=\"widget\" data-widget_type=\"text-editor.default\">\n\t\t\t\t<div class=\"elementor-widget-container\">\n\t\t\t\t\t\t\t\t\t<p>Todos los derechos reservados &#8211; Mentes Verdes Ecotur 2024 <b>\u00a9 <\/b>By Fundaci\u00f3n Mentes Verdes\u00a0<\/p>\t\t\t\t\t\t\t\t<\/div>\n\t\t\t\t<\/div>\n\t\t\t\t\t<\/div>\n\t\t<\/div>\n\t\t\t\t\t<\/div>\n\t\t<\/section>\n\t\t\t\t<section class=\"elementor-section elementor-top-section elementor-element elementor-element-64d2257c elementor-section-boxed elementor-section-height-default elementor-section-height-default\" data-id=\"64d2257c\" data-element_type=\"section\" data-e-type=\"section\">\n\t\t\t\t\t\t<div class=\"elementor-container elementor-column-gap-default\">\n\t\t\t\t\t<div class=\"elementor-column elementor-col-100 elementor-top-column elementor-element elementor-element-5d4c06a7\" data-id=\"5d4c06a7\" data-element_type=\"column\" data-e-type=\"column\">\n\t\t\t<div class=\"elementor-widget-wrap elementor-element-populated\">\n\t\t\t\t\t\t<div class=\"elementor-element elementor-element-e12791f elementor-widget elementor-widget-heading\" data-id=\"e12791f\" data-element_type=\"widget\" data-e-type=\"widget\" data-widget_type=\"heading.default\">\n\t\t\t\t<div class=\"elementor-widget-container\">\n\t\t\t\t\t<h2 class=\"elementor-heading-title elementor-size-default\">Legal Notice<\/h2>\t\t\t\t<\/div>\n\t\t\t\t<\/div>\n\t\t\t\t<div class=\"elementor-element elementor-element-619f1adc elementor-widget elementor-widget-text-editor\" data-id=\"619f1adc\" data-element_type=\"widget\" data-e-type=\"widget\" data-widget_type=\"text-editor.default\">\n\t\t\t\t<div class=\"elementor-widget-container\">\n\t\t\t\t\t\t\t\t\t<p style=\"text-align: justify;\">Es inter\u00e9s de la FUNDACI\u00d3N MENTES VERDES\u00a0la salvaguardia de la privacidad de la informaci\u00f3n personal del Usuario obtenida a trav\u00e9s del Sitio Web, para lo cual se compromete a adoptar una pol\u00edtica de confidencialidad de acuerdo con lo que se establece a continuaci\u00f3n:<\/p>\n<p style=\"text-align: justify;\">El Usuario reconoce que el ingreso de informaci\u00f3n personal, lo realiza de manera voluntaria y ante la solicitud de requerimientos espec\u00edficos por FUNDACI\u00d3N MENTES VERDES\u00a0para realizar un tr\u00e1mite, presentar una queja o reclamo, o para acceder a la compra de servicios de nuestra organizaci\u00f3n.<\/p>\n<p style=\"text-align: justify;\">El Usuario acepta que a trav\u00e9s del registro en el Sitio Web y otros, FUNDACI\u00d3N MENTES VERDES\u00a0recoge datos personales, los cuales no se ceder\u00e1n a terceros sin su conocimiento.<\/p>\n<p style=\"text-align: justify;\">La recolecci\u00f3n y tratamiento automatizado de los datos personales, como consecuencia de la navegaci\u00f3n y\/o registro por el Sitio Web tiene como finalidades las detalladas a continuaci\u00f3n: (i) la adecuada gesti\u00f3n y administraci\u00f3n de los servicios ofrecidos en el Sitio Web, en los que el Usuario decida darse de alta, utilizar o contratar; (ii) el estudio cuantitativo y cualitativo de las visitas y de la utilizaci\u00f3n de los servicios por parte de los usuarios; (iii) el env\u00edo por medios tradicionales y electr\u00f3nicos de informaci\u00f3n relacionados con FUNDACI\u00d3N MENTES VERDES\u00a0y de cualquiera de los productos ofrecidos por FUNDACI\u00d3N MENTES VERDES.<\/p>\n<p style=\"text-align: justify;\">1.1- Derechos de los Usuarios en relaci\u00f3n a sus datos personales\nEn cumplimiento de lo dispuesto en la normativa aplicable se informa de la existencia de un fichero automatizado de datos personales. Al usuario se le reconocen los derechos de acceso, rectificaci\u00f3n, cancelaci\u00f3n y oposici\u00f3n al tratamiento de datos personales y podr\u00e1 ejercitarlos mediante un formulario de actualizaci\u00f3n de datos disponible en el sitio de FUNDACI\u00d3N MENTES VERDES.<\/p>\n<p style=\"text-align: justify;\">1.2- Uso de Cookies y del fichero de actividad. Monitorizaci\u00f3n de la p\u00e1gina Web<\/p>\n<p style=\"text-align: justify;\">La p\u00e1gina Web utiliza cookies. Las cookies utilizadas por la p\u00e1gina Web son ficheros enviados a un navegador por medio de un servidor web para registrar las actividades del usuario en la p\u00e1gina Web y permitirle una navegaci\u00f3n m\u00e1s fluida y personalizada. El usuario tiene la posibilidad de configurar su navegador para impedir la entrada de \u00e9stas, bloquearlas o, en su caso, eliminarlas. Para utilizar esta p\u00e1gina Web, no resulta necesario que el usuario permita la descarga o instalaci\u00f3n de cookies.<\/p>\n<p style=\"text-align: justify;\">De igual manera, los servidores de la p\u00e1gina Web detectan de manera autom\u00e1tica la direcci\u00f3n IP y el nombre de la red utilizados por el usuario. Toda esta informaci\u00f3n es registrada temporalmente en un fichero de actividad del servidor que permite el posterior procesamiento de los datos con el fin de obtener mediciones estad\u00edsticas que permitan conocer el n\u00famero de impresiones de p\u00e1ginas, y el n\u00famero de visitas realizadas a la p\u00e1gina Web, entre otras mediciones.<\/p>\n<p style=\"text-align: justify;\">Adem\u00e1s de sistemas propios de monitorizaci\u00f3n de la p\u00e1gina Web, \u00e9sta utiliza herramientas estad\u00edsticas externas como Google Analytics, un servicio anal\u00edtico de web prestado por Google, Inc., una compa\u00f1\u00eda de Delaware cuya oficina principal est\u00e1 en 1600 Amphitheatre Parkway, Mountain View (California), CA 94043, Estados Unidos (\u00abGoogle\u00bb). Google Analytics utiliza \u00abcookies\u00bb, que son archivos de texto ubicados en el ordenador del usuario ordenador, para ayudar a la p\u00e1gina Web a analizar el uso que hacen los usuarios de p\u00e1gina Web. La informaci\u00f3n que genera la cookie acerca del uso de la p\u00e1gina Web por parte del usuario (incluyendo su direcci\u00f3n IP) ser\u00e1 directamente transmitida y archivada por Google en los servidores de Estados Unidos. Google usar\u00e1 esta informaci\u00f3n por cuenta de dicha empresa con el prop\u00f3sito de seguir la pista del uso que hace el usuario de la p\u00e1gina Web, recopilando informes de la actividad de la p\u00e1gina Web y prestando otros servicios relacionados con la actividad de la p\u00e1gina Web y el uso de Internet. Google podr\u00e1 transmitir dicha informaci\u00f3n a terceros cuando as\u00ed se lo requiera la legislaci\u00f3n, o cuando dichos terceros procesen la informaci\u00f3n por cuenta de Google. Google no asociar\u00e1 la direcci\u00f3n del usuario IP con ning\u00fan otro dato del que disponga Google. El usuario puede rechazar el tratamiento de los datos o la informaci\u00f3n rechazando el uso de cookies mediante la selecci\u00f3n de la configuraci\u00f3n apropiada de su navegador, sin embargo, debe saber que si lo hace puede ser que no pueda usar la plena funcionalidad de la p\u00e1gina Web. Al utilizar la p\u00e1gina Web el usuario consiente el tratamiento de informaci\u00f3n por Google, acerca del usuario, en la forma y para los fines arriba indicados.<\/p>\n<p style=\"text-align: justify;\">1.3- Cesi\u00f3n de datos personales de los usuarios a terceros\nFUNDACI\u00d3N MENTES VERDES\u00a0no ceder\u00e1 a terceros los datos personales de los usuarios que se recogen a trav\u00e9s de la p\u00e1gina Web sin su consentimiento expreso. Sin perjuicio de lo anterior, el usuario consiente en que se cedan sus datos personales cuando as\u00ed sea requerido por las autoridades administrativas competentes o por mandato judicial.<\/p>\n<p style=\"text-align: justify;\">El Usuario tambi\u00e9n comprende que los datos por \u00e9l consignados har\u00e1n parte de un archivo y\/o base de datos que podr\u00e1 ser usado por el FUNDACI\u00d3N MENTES VERDES\u00a0para efectos de surtir determinado proceso. El Usuario podr\u00e1 modificar o actualizar la informaci\u00f3n suministrada en cualquier momento.<\/p>\n<p style=\"text-align: justify;\">La informaci\u00f3n personal proporcionada por el Usuario est\u00e1 asegurada por una clave de acceso que s\u00f3lo \u00e9l conoce. Por tanto, es el \u00fanico responsable de mantener en secreto su clave. FUNDACI\u00d3N MENTES VERDES\u00a0se compromete a no acceder ni pretender conocer dicha clave. Debido a que ninguna transmisi\u00f3n por Internet es absolutamente segura ni puede garantizarse dicho extremo, el Usuario asume el hipot\u00e9tico riesgo que ello implica, el cual acepta y conoce.<\/p>\n<p style=\"text-align: justify;\">FUNDACI\u00d3N MENTES VERDES\u00a0no se responsabiliza por cualquier consecuencia derivada del ingreso indebido de terceros a la base de datos y\/o por alguna falla t\u00e9cnica en el funcionamiento y\/o conservaci\u00f3n de datos en el sistema en cualquiera de los men\u00fas de su p\u00e1gina web.<\/p>\n<p style=\"text-align: justify;\">FUNDACI\u00d3N MENTES VERDES\u00a0ha adoptado los niveles de seguridad de protecci\u00f3n de los datos personales legalmente requeridos, instalando las medidas t\u00e9cnicas y organizativas necesarias para evitar la p\u00e9rdida, mal uso, alteraci\u00f3n, acceso no autorizado y robo de los datos facilitados.<\/p>\n<p style=\"text-align: justify;\">1.4.- Modificaciones a las condiciones de uso<\/p>\n<p style=\"text-align: justify;\">FUNDACI\u00d3N MENTES VERDES\u00a0podr\u00e1 modificar las Pol\u00edticas de Privacidad aqu\u00ed contenidos, a su libre elecci\u00f3n y en cualquier momento y los mismos estar\u00e1n vigentes una vez hayan publicado en la p\u00e1gina Web.<\/p>\n<p style=\"text-align: justify;\">El Usuario se compromete a revisar peri\u00f3dicamente esta secci\u00f3n para estar informado de tales modificaciones y cada nuevo acceso del usuario a la p\u00e1gina ser\u00e1 considerado una aceptaci\u00f3n t\u00e1cita de las nuevas condiciones.<\/p>\t\t\t\t\t\t\t\t<\/div>\n\t\t\t\t<\/div>\n\t\t\t\t\t<\/div>\n\t\t<\/div>\n\t\t\t\t\t<\/div>\n\t\t<\/section>\n\t\t\t\t<\/div>","protected":false},"excerpt":{"rendered":"<p>Todos los derechos reservados &#8211; Mentes Verdes Ecotur 2024 \u00a9 By Fundaci\u00f3n Mentes Verdes\u00a0 Aviso legal Es inter\u00e9s de la FUNDACI\u00d3N MENTES VERDES\u00a0la salvaguardia de la privacidad de la informaci\u00f3n personal del Usuario obtenida a trav\u00e9s del Sitio Web, para lo cual se compromete a adoptar una pol\u00edtica de confidencialidad de acuerdo con lo que [&hellip;]<\/p>\n","protected":false},"author":2,"featured_media":0,"parent":0,"menu_order":0,"comment_status":"closed","ping_status":"closed","template":"","meta":{"_joinchat":[],"footnotes":""},"class_list":["post-617","page","type-page","status-publish","hentry"],"yoast_head":"<!-- This site is optimized with the Yoast SEO plugin v27.4 - https:\/\/yoast.com\/product\/yoast-seo-wordpress\/ -->\n<title>Aviso legal - Mentes Verdes Ecotur<\/title>\n<meta name=\"robots\" content=\"index, follow, max-snippet:-1, max-image-preview:large, max-video-preview:-1\" \/>\n<link rel=\"canonical\" href=\"https:\/\/mentesverdesecotur.co\/en\/aviso-legal\/\" \/>\n<meta property=\"og:locale\" content=\"en_US\" \/>\n<meta property=\"og:type\" content=\"article\" \/>\n<meta property=\"og:title\" content=\"Aviso legal - Mentes Verdes Ecotur\" \/>\n<meta property=\"og:description\" content=\"Todos los derechos reservados &#8211; Mentes Verdes Ecotur 2024 \u00a9 By Fundaci\u00f3n Mentes Verdes\u00a0 Aviso legal Es inter\u00e9s de la FUNDACI\u00d3N MENTES VERDES\u00a0la salvaguardia de la privacidad de la informaci\u00f3n personal del Usuario obtenida a trav\u00e9s del Sitio Web, para lo cual se compromete a adoptar una pol\u00edtica de confidencialidad de acuerdo con lo que [&hellip;]\" \/>\n<meta property=\"og:url\" content=\"https:\/\/mentesverdesecotur.co\/en\/aviso-legal\/\" \/>\n<meta property=\"og:site_name\" content=\"Mentes Verdes Ecotur\" \/>\n<meta property=\"article:publisher\" content=\"https:\/\/www.facebook.com\/mentesverdesecotur\" \/>\n<meta property=\"article:modified_time\" content=\"2023-12-19T20:01:33+00:00\" \/>\n<meta name=\"twitter:card\" content=\"summary_large_image\" \/>\n<meta name=\"twitter:label1\" content=\"Est. reading time\" \/>\n\t<meta name=\"twitter:data1\" content=\"6 minutes\" \/>\n<script type=\"application\/ld+json\" class=\"yoast-schema-graph\">{\"@context\":\"https:\\\/\\\/schema.org\",\"@graph\":[{\"@type\":\"WebPage\",\"@id\":\"https:\\\/\\\/mentesverdesecotur.co\\\/en\\\/aviso-legal\\\/\",\"url\":\"https:\\\/\\\/mentesverdesecotur.co\\\/en\\\/aviso-legal\\\/\",\"name\":\"Aviso legal - Mentes Verdes Ecotur\",\"isPartOf\":{\"@id\":\"https:\\\/\\\/mentesverdesecotur.co\\\/#website\"},\"datePublished\":\"2018-02-26T01:20:29+00:00\",\"dateModified\":\"2023-12-19T20:01:33+00:00\",\"breadcrumb\":{\"@id\":\"https:\\\/\\\/mentesverdesecotur.co\\\/en\\\/aviso-legal\\\/#breadcrumb\"},\"inLanguage\":\"en-US\",\"potentialAction\":[{\"@type\":\"ReadAction\",\"target\":[\"https:\\\/\\\/mentesverdesecotur.co\\\/en\\\/aviso-legal\\\/\"]}]},{\"@type\":\"BreadcrumbList\",\"@id\":\"https:\\\/\\\/mentesverdesecotur.co\\\/en\\\/aviso-legal\\\/#breadcrumb\",\"itemListElement\":[{\"@type\":\"ListItem\",\"position\":1,\"name\":\"Portada\",\"item\":\"https:\\\/\\\/mentesverdesecotur.co\\\/\"},{\"@type\":\"ListItem\",\"position\":2,\"name\":\"Aviso legal\"}]},{\"@type\":\"WebSite\",\"@id\":\"https:\\\/\\\/mentesverdesecotur.co\\\/#website\",\"url\":\"https:\\\/\\\/mentesverdesecotur.co\\\/\",\"name\":\"Mentes Verdes Ecotur\",\"description\":\"Agencia de ecoturismo comunitario en Colombia\",\"publisher\":{\"@id\":\"https:\\\/\\\/mentesverdesecotur.co\\\/#organization\"},\"potentialAction\":[{\"@type\":\"SearchAction\",\"target\":{\"@type\":\"EntryPoint\",\"urlTemplate\":\"https:\\\/\\\/mentesverdesecotur.co\\\/?s={search_term_string}\"},\"query-input\":{\"@type\":\"PropertyValueSpecification\",\"valueRequired\":true,\"valueName\":\"search_term_string\"}}],\"inLanguage\":\"en-US\"},{\"@type\":\"Organization\",\"@id\":\"https:\\\/\\\/mentesverdesecotur.co\\\/#organization\",\"name\":\"Mentes Verdes Ecotur\",\"url\":\"https:\\\/\\\/mentesverdesecotur.co\\\/\",\"logo\":{\"@type\":\"ImageObject\",\"inLanguage\":\"en-US\",\"@id\":\"https:\\\/\\\/mentesverdesecotur.co\\\/#\\\/schema\\\/logo\\\/image\\\/\",\"url\":\"https:\\\/\\\/mentesverdesecotur.co\\\/wp-content\\\/uploads\\\/2019\\\/11\\\/cropped-Logo-MENTESVERDES-ECOTUR-2017-200px.png\",\"contentUrl\":\"https:\\\/\\\/mentesverdesecotur.co\\\/wp-content\\\/uploads\\\/2019\\\/11\\\/cropped-Logo-MENTESVERDES-ECOTUR-2017-200px.png\",\"width\":200,\"height\":200,\"caption\":\"Mentes Verdes Ecotur\"},\"image\":{\"@id\":\"https:\\\/\\\/mentesverdesecotur.co\\\/#\\\/schema\\\/logo\\\/image\\\/\"},\"sameAs\":[\"https:\\\/\\\/www.facebook.com\\\/mentesverdesecotur\",\"https:\\\/\\\/www.instagram.com\\\/mentesverdesecotur\"]}]}<\/script>\n<!-- \/ Yoast SEO plugin. -->","yoast_head_json":{"title":"Aviso legal - Mentes Verdes Ecotur","robots":{"index":"index","follow":"follow","max-snippet":"max-snippet:-1","max-image-preview":"max-image-preview:large","max-video-preview":"max-video-preview:-1"},"canonical":"https:\/\/mentesverdesecotur.co\/en\/aviso-legal\/","og_locale":"en_US","og_type":"article","og_title":"Aviso legal - Mentes Verdes Ecotur","og_description":"Todos los derechos reservados &#8211; Mentes Verdes Ecotur 2024 \u00a9 By Fundaci\u00f3n Mentes Verdes\u00a0 Aviso legal Es inter\u00e9s de la FUNDACI\u00d3N MENTES VERDES\u00a0la salvaguardia de la privacidad de la informaci\u00f3n personal del Usuario obtenida a trav\u00e9s del Sitio Web, para lo cual se compromete a adoptar una pol\u00edtica de confidencialidad de acuerdo con lo que [&hellip;]","og_url":"https:\/\/mentesverdesecotur.co\/en\/aviso-legal\/","og_site_name":"Mentes Verdes Ecotur","article_publisher":"https:\/\/www.facebook.com\/mentesverdesecotur","article_modified_time":"2023-12-19T20:01:33+00:00","twitter_card":"summary_large_image","twitter_misc":{"Est. reading time":"6 minutes"},"schema":{"@context":"https:\/\/schema.org","@graph":[{"@type":"WebPage","@id":"https:\/\/mentesverdesecotur.co\/en\/aviso-legal\/","url":"https:\/\/mentesverdesecotur.co\/en\/aviso-legal\/","name":"Aviso legal - Mentes Verdes Ecotur","isPartOf":{"@id":"https:\/\/mentesverdesecotur.co\/#website"},"datePublished":"2018-02-26T01:20:29+00:00","dateModified":"2023-12-19T20:01:33+00:00","breadcrumb":{"@id":"https:\/\/mentesverdesecotur.co\/en\/aviso-legal\/#breadcrumb"},"inLanguage":"en-US","potentialAction":[{"@type":"ReadAction","target":["https:\/\/mentesverdesecotur.co\/en\/aviso-legal\/"]}]},{"@type":"BreadcrumbList","@id":"https:\/\/mentesverdesecotur.co\/en\/aviso-legal\/#breadcrumb","itemListElement":[{"@type":"ListItem","position":1,"name":"Portada","item":"https:\/\/mentesverdesecotur.co\/"},{"@type":"ListItem","position":2,"name":"Aviso legal"}]},{"@type":"WebSite","@id":"https:\/\/mentesverdesecotur.co\/#website","url":"https:\/\/mentesverdesecotur.co\/","name":"Mentes Verdes Ecotur","description":"Community-based ecotourism agency in Colombia","publisher":{"@id":"https:\/\/mentesverdesecotur.co\/#organization"},"potentialAction":[{"@type":"SearchAction","target":{"@type":"EntryPoint","urlTemplate":"https:\/\/mentesverdesecotur.co\/?s={search_term_string}"},"query-input":{"@type":"PropertyValueSpecification","valueRequired":true,"valueName":"search_term_string"}}],"inLanguage":"en-US"},{"@type":"Organization","@id":"https:\/\/mentesverdesecotur.co\/#organization","name":"Mentes Verdes Ecotur","url":"https:\/\/mentesverdesecotur.co\/","logo":{"@type":"ImageObject","inLanguage":"en-US","@id":"https:\/\/mentesverdesecotur.co\/#\/schema\/logo\/image\/","url":"https:\/\/mentesverdesecotur.co\/wp-content\/uploads\/2019\/11\/cropped-Logo-MENTESVERDES-ECOTUR-2017-200px.png","contentUrl":"https:\/\/mentesverdesecotur.co\/wp-content\/uploads\/2019\/11\/cropped-Logo-MENTESVERDES-ECOTUR-2017-200px.png","width":200,"height":200,"caption":"Mentes Verdes Ecotur"},"image":{"@id":"https:\/\/mentesverdesecotur.co\/#\/schema\/logo\/image\/"},"sameAs":["https:\/\/www.facebook.com\/mentesverdesecotur","https:\/\/www.instagram.com\/mentesverdesecotur"]}]}},"jetpack-related-posts":[],"jetpack_sharing_enabled":true,"_links":{"self":[{"href":"https:\/\/mentesverdesecotur.co\/en\/wp-json\/wp\/v2\/pages\/617","targetHints":{"allow":["GET"]}}],"collection":[{"href":"https:\/\/mentesverdesecotur.co\/en\/wp-json\/wp\/v2\/pages"}],"about":[{"href":"https:\/\/mentesverdesecotur.co\/en\/wp-json\/wp\/v2\/types\/page"}],"author":[{"embeddable":true,"href":"https:\/\/mentesverdesecotur.co\/en\/wp-json\/wp\/v2\/users\/2"}],"replies":[{"embeddable":true,"href":"https:\/\/mentesverdesecotur.co\/en\/wp-json\/wp\/v2\/comments?post=617"}],"version-history":[{"count":0,"href":"https:\/\/mentesverdesecotur.co\/en\/wp-json\/wp\/v2\/pages\/617\/revisions"}],"wp:attachment":[{"href":"https:\/\/mentesverdesecotur.co\/en\/wp-json\/wp\/v2\/media?parent=617"}],"curies":[{"name":"wp","href":"https:\/\/api.w.org\/{rel}","templated":true}]}}