{"id":6,"date":"2017-11-01T19:23:14","date_gmt":"2017-11-01T19:23:14","guid":{"rendered":"http:\/\/mentesverdesecotur.co\/?page_id=2"},"modified":"2023-04-19T04:13:50","modified_gmt":"2023-04-19T04:13:50","slug":"about","status":"publish","type":"page","link":"https:\/\/mentesverdesecotur.co\/en\/about\/","title":{"rendered":"About"},"content":{"rendered":"<figure><img decoding=\"async\" src=\"https:\/\/mentesverdesecotur.co\/wp-content\/uploads\/elementor\/thumbs\/Amazonas-7c-ngtbh43p9eqlc69dy6fyz8kx0532wvr3jx9r14s238.jpg\" alt=\"Amazonas 7c\"><\/figure>\n<figure><img decoding=\"async\" src=\"https:\/\/mentesverdesecotur.co\/wp-content\/uploads\/elementor\/thumbs\/Amazonas-10-ngtbl5sooqa1bqdrbff57ptd2v4z1ythrye0jl3o9g.jpg\" alt=\"Amazonas 10\"><\/figure>\n<figure><img decoding=\"async\" src=\"https:\/\/mentesverdesecotur.co\/wp-content\/uploads\/elementor\/thumbs\/Amazonas-11-ngtbrrluptbkx2sbqs7r8jszdcku5e1l0nfuylb2j8.jpg\" alt=\"Amazonas 11\"><\/figure>\n<figure><img decoding=\"async\" src=\"https:\/\/mentesverdesecotur.co\/wp-content\/uploads\/elementor\/thumbs\/Angie-Ca\u00f1o-Vitina-ngtbtkgptdsd66648290ilfscxp5wi729kgd2cq8ic.jpg\" alt=\"Angie Ca\u00f1o Vitina\"><\/figure>\n<figure><img decoding=\"async\" src=\"https:\/\/mentesverdesecotur.co\/wp-content\/uploads\/elementor\/thumbs\/Angie-Mavecure-ngtbuya5vlok9i5r55s8oqv7ucvm8gou4f13a2waz8.jpg\" alt=\"Angie Mavecure\"><\/figure>\n<figure><img decoding=\"async\" src=\"https:\/\/mentesverdesecotur.co\/wp-content\/uploads\/elementor\/thumbs\/Anngie-mavecure4-ngtbx2f396ksdx35skp0spnjykgcjy33evvf5hrez8.jpg\" alt=\"Anngie mavecure4\"><\/figure>\n<figure><img decoding=\"async\" src=\"https:\/\/mentesverdesecotur.co\/wp-content\/uploads\/elementor\/thumbs\/ara\u00f1a-ngtbyte9z2yzzsjoktx0xrrfrdtxvo13zjky8dwolw.jpg\" alt=\"ara\u00f1a\"><\/figure>\n<figure><img decoding=\"async\" src=\"https:\/\/mentesverdesecotur.co\/wp-content\/uploads\/elementor\/thumbs\/artesan\u00edas_SM-ngtc093eeyxrqcgl6y9i8wpsfkr4n0qcingnsyehec.jpg\" alt=\"artesan\u00edas_SM\"><\/figure>\n<figure><img decoding=\"async\" src=\"https:\/\/mentesverdesecotur.co\/wp-content\/uploads\/elementor\/thumbs\/Atardecer-Amazonas-ngtc1h9tc6m8w0of0zcz03kgcopdoslqcq4hcykz9w.jpg\" alt=\"Atardecer-Amazonas\"><\/figure>\n<figure><img decoding=\"async\" src=\"https:\/\/mentesverdesecotur.co\/wp-content\/uploads\/elementor\/thumbs\/ciclopaseo-ngtc35fhhkwlj2919pd3fodydcgvdf8jwzvk4sb9n8.jpeg\" alt=\"ciclopaseo\"><\/figure>\n<figure><img decoding=\"async\" src=\"https:\/\/mentesverdesecotur.co\/wp-content\/uploads\/elementor\/thumbs\/Climbing-1-ngtc47yv9sdcr2p20o0srwnuq56x50hjqamgvkua38.jpg\" alt=\"Climbing 1\"><\/figure>\n<figure><img decoding=\"async\" src=\"https:\/\/mentesverdesecotur.co\/wp-content\/uploads\/elementor\/thumbs\/cocuy1-ngtc4j8xjsssme8o6swblttdurnbpdqbrugamkgvx0.jpg\" alt=\"cocuy1\"><\/figure>\n<figure><img decoding=\"async\" src=\"https:\/\/mentesverdesecotur.co\/wp-content\/uploads\/elementor\/thumbs\/imagen-recuca-13-ngtc4ny4hyz88g1ufcxggamotp05rv8zghppwpuy6s.jpg\" alt=\"imagen-recuca-13\"><\/figure>\n<figure><img decoding=\"async\" src=\"https:\/\/mentesverdesecotur.co\/wp-content\/uploads\/elementor\/thumbs\/P1120431-ngtc4qrn2h3379xqyw5c5rx2lum9eyk6gvo6cjqro4.jpg\" alt=\"P1120431\"><\/figure>\n<figure><img decoding=\"async\" src=\"https:\/\/mentesverdesecotur.co\/wp-content\/uploads\/elementor\/thumbs\/Puerto-Nari\u00f1o-ngtc4snbg55nuhv0nwylarfzsmczucrn54z5b3nzbo.jpg\" alt=\"Puerto-Nari\u00f1o\"><\/figure>\n<figure><img decoding=\"async\" src=\"https:\/\/mentesverdesecotur.co\/wp-content\/uploads\/elementor\/thumbs\/Santuario-de-los-micos-ngtc4weo7hat4xpk1yl3kqhu65ugp56khnl387iems.jpg\" alt=\"Santuario-de-los-micos\"><\/figure>\n<figure><img decoding=\"async\" src=\"https:\/\/mentesverdesecotur.co\/wp-content\/uploads\/elementor\/thumbs\/Senderos-Amacayacu-ngtc4z86rzeo3rlglhsza7s7ybgkc8hri1jjo1e844.jpg\" alt=\"Senderos-Amacayacu\"><\/figure>\n<figure><img decoding=\"async\" src=\"https:\/\/mentesverdesecotur.co\/wp-content\/uploads\/elementor\/thumbs\/tayrona-cayac-ngtc5bg38tveap3pm534omp7obsc4au9vq0uw8lpck.jpg\" alt=\"tayrona cayac\"><\/figure>\n<figure><img decoding=\"async\" src=\"https:\/\/mentesverdesecotur.co\/wp-content\/uploads\/elementor\/thumbs\/Lagos-de-tarapoto-ngtaduefqkzcanav97d2t5bnkmn1c3ustk3h8z061g.jpg\" alt=\"Lagos-de-tarapoto\"><\/figure>\n<figure><img decoding=\"async\" src=\"https:\/\/mentesverdesecotur.co\/wp-content\/uploads\/elementor\/thumbs\/Angie-Mavecure-3-ngt9gqj30nnrd3e4kw64zi36c1tm7wf5lovss8aums.jpg\" alt=\"Angie Mavecure 3\"><\/figure>\n<figure><img decoding=\"async\" src=\"https:\/\/mentesverdesecotur.co\/wp-content\/uploads\/elementor\/thumbs\/15HPIM1191-ngt93be1ftadlivwy3bwdw08zzyybh54f9k86gbd04.jpg\" alt=\"Expedici\u00f3n al cocuy\"><\/figure>\n<figure><img decoding=\"async\" src=\"https:\/\/mentesverdesecotur.co\/wp-content\/uploads\/elementor\/thumbs\/Angela-Portela-Sumapaz-ngt8zoqh1ubirq5p50ur9az6ffuxljqflavqbd9pck.jpg\" alt=\"Angela Portela Sumapaz\"><\/figure>\n<figure><img decoding=\"async\" src=\"https:\/\/mentesverdesecotur.co\/wp-content\/uploads\/elementor\/thumbs\/Perfiles-de-mico-ngt8q0y6t53fg06vjuismqqmmvh4hjdqxhi2s1p40k.jpg\" alt=\"Perfiles-de-mico\"><\/figure>\n<figure><img decoding=\"async\" src=\"https:\/\/mentesverdesecotur.co\/wp-content\/uploads\/elementor\/thumbs\/Llegada-bocas-de-amacayacu-ngt8ehhiwdaowcycxuxp0nkw2kcvzbke0d5gnqt4es.jpg\" alt=\"Llegada-bocas-de-amacayacu\"><\/figure>\n<figure><img decoding=\"async\" src=\"https:\/\/mentesverdesecotur.co\/wp-content\/uploads\/elementor\/thumbs\/San-Martinbanner-nnwl0yh4tpn29c6423sqehrvvigvkihalx7jmraidw.jpg\" alt=\"San-Martinbanner\"><\/figure>\n<figure><img decoding=\"async\" src=\"https:\/\/mentesverdesecotur.co\/wp-content\/uploads\/elementor\/thumbs\/Ballenas_Playa_de_oro_Bah\u00eda_Solanobanner-nnwjgm1f58iaau0j2qztxpn5y06s5osjj1dpzmu3dg.jpg\" alt=\"Ballenas_Playa_de_oro_Bah\u00eda_Solanobanner\"><\/figure>\n<figure><img decoding=\"async\" src=\"https:\/\/mentesverdesecotur.co\/wp-content\/uploads\/elementor\/thumbs\/Playa_del_hotel3_Playa_de_oro_Bah\u00eda_Solano-nnwc2ph1sgi5y097rt78kt8w9ysqo564axkulp3fkk.jpg\" alt=\"Playa_del_hotel3_Playa_de_oro_Bah\u00eda_Solano\"><\/figure>\n<figure><img decoding=\"async\" src=\"https:\/\/mentesverdesecotur.co\/wp-content\/uploads\/elementor\/thumbs\/Playa_de_los_deseos2_Playa_de_oro_Bah\u00eda_Solano-nnwc2hyc9s7vd4k4zpy80v57ivtsykc9lwcyrhekyc.jpg\" alt=\"Playa_de_los_deseos2_Playa_de_oro_Bah\u00eda_Solano\"><\/figure>\n<figure><img decoding=\"async\" src=\"https:\/\/mentesverdesecotur.co\/wp-content\/uploads\/elementor\/thumbs\/Frente_Playa_de_oro_Bah\u00eda_Solano-nnwc1l1zmkyu2rvxbtqa3lg2qebyh5pntdiyysrd04.jpg\" alt=\"Frente_Playa_de_oro_Bah\u00eda_Solano\"><\/figure>\n<figure><img decoding=\"async\" src=\"https:\/\/mentesverdesecotur.co\/wp-content\/uploads\/elementor\/thumbs\/Ballenas2_Playa_de_oro_Bah\u00eda_Solano-nnwbzzpu1oscek77mmy1dhwyhw6kfme19hqcox4djo.jpg\" alt=\"Ballenas2_Playa_de_oro_Bah\u00eda_Solano\"><\/figure>\n<figure><img decoding=\"async\" src=\"https:\/\/mentesverdesecotur.co\/wp-content\/uploads\/elementor\/thumbs\/Animales-1-6-nnhjbi2yhnm9fd4duzsdw490zcnrjw1yeohfchb89g.jpg\" alt=\"caminata a los monolitos de suesca\"><\/figure>\n<figure><img decoding=\"async\" src=\"https:\/\/mentesverdesecotur.co\/wp-content\/uploads\/elementor\/thumbs\/Animales-1-5-nnhj8f6037efddlhunuepw8mvvugbltmnfi4ptvono.jpg\" alt=\"Caminatas ecol\u00f3gicas\"><\/figure>\n<figure><img decoding=\"async\" src=\"https:\/\/mentesverdesecotur.co\/wp-content\/uploads\/elementor\/thumbs\/p\u00e1ramo-usminia-1-3-nm6awwx1ufgn9gq525gn0wmbb9kljtdt6lmo9xg80k.jpg\" alt=\"p\u00e1ramo usminia-1-3\"><\/figure>\n<figure><img decoding=\"async\" src=\"https:\/\/mentesverdesecotur.co\/wp-content\/uploads\/elementor\/thumbs\/Amacayacu-1-2-nlxfssaba32w3tvgnuf09e8dsb3gi1b4pn5ovucrdg.jpg\" alt=\"Amacayacu -1-2\"><\/figure>\n<figure><img decoding=\"async\" src=\"https:\/\/mentesverdesecotur.co\/wp-content\/uploads\/elementor\/thumbs\/tayrona-fauna-nixek9xw1oicvputdo0vo2bj9axmxrcng2992zh6ok.jpg\" alt=\"tayrona fauna\"><\/figure>\n<figure><img decoding=\"async\" src=\"\" alt=\"la-guajira-18\"><\/figure>\n<figure><img decoding=\"async\" src=\"https:\/\/mentesverdesecotur.co\/wp-content\/uploads\/elementor\/thumbs\/la-guajira-14-ni3h794pm0qkhp9jo4lv4tvepfdg6oi0o0vyjtlvh0.jpg\" alt=\"la-guajira-14\"><\/figure>\n<figure><img decoding=\"async\" src=\"\" alt=\"la-guajira-24\"><\/figure>\n<figure><img decoding=\"async\" src=\"https:\/\/mentesverdesecotur.co\/wp-content\/uploads\/elementor\/thumbs\/la-guajira-15-ni3gmt52yqr1z0ym1sgzehlhkq51roc6uu2rs5x4t0.jpg\" alt=\"la-guajira-15\"><\/figure>\n<figure><img decoding=\"async\" src=\"https:\/\/mentesverdesecotur.co\/wp-content\/uploads\/elementor\/thumbs\/San-Martin-habitantes-nq6awuni79k9rj1mcdick07b1vxv4vh6xbsgswlod0.jpg\" alt=\"San-Martin-habitantes\"><\/figure>\n<figure><img decoding=\"async\" src=\"https:\/\/mentesverdesecotur.co\/wp-content\/uploads\/elementor\/thumbs\/San-Martin-habitantes6-nq6ax4zqafyfb8mlnzz8tfldl4iwhjm8mqyt2y6cgk.jpg\" alt=\"San-Martin-habitantes6\"><\/figure>\n<figure><img decoding=\"async\" src=\"https:\/\/mentesverdesecotur.co\/wp-content\/uploads\/elementor\/thumbs\/Animales-3-nq6awcsklevtmxrk8nsfqmpjrkdw2miaive8onc5n8.jpg\" alt=\"Animales-3\"><\/figure>\n<figure><img decoding=\"async\" src=\"https:\/\/mentesverdesecotur.co\/wp-content\/uploads\/elementor\/thumbs\/Animales-2-nq6aw2gci8ho386kx1bjh7bh8bsupyd8tg7welrhjo.jpg\" alt=\"Animales--2\"><\/figure>\n<figure><img decoding=\"async\" src=\"https:\/\/mentesverdesecotur.co\/wp-content\/uploads\/elementor\/thumbs\/DSC0284-nq6avfw7y7mscl3ckrkhtd0ez2w1l7voqck8vyoxp0.jpg\" alt=\"_DSC0284\"><\/figure>\n<figure><img decoding=\"async\" src=\"\" alt=\"Foto 1. Ballenas bahia solano colombia\"><\/figure>\n<figure><img decoding=\"async\" src=\"\" alt=\"Foto 4. Playa\"><\/figure>\n<figure><img decoding=\"async\" src=\"https:\/\/mentesverdesecotur.co\/wp-content\/uploads\/elementor\/thumbs\/la-guajira-15-nq6mj20gwo1x9tkvbn9sez19qgnwswpxf8wkcvwwic.jpg\" alt=\"la-guajira-15\"><\/figure>\n<figure><img decoding=\"async\" src=\"\" alt=\"la-guajira-16\"><\/figure>\n<figure><img decoding=\"async\" src=\"https:\/\/mentesverdesecotur.co\/wp-content\/uploads\/elementor\/thumbs\/nevado-santa-isabel2-nq6mjnmr9uvioupgtem7ibkvebpcpy3r67wqivq7x0.jpg\" alt=\"nevado santa isabel2\"><\/figure>\n<figure><img decoding=\"async\" src=\"\" alt=\"nevado santa isabel4\"><\/figure>\n<figure><img decoding=\"async\" src=\"https:\/\/mentesverdesecotur.co\/wp-content\/uploads\/elementor\/thumbs\/nevado-del-tolima-038-nq6mlzae6421e5by8ws068gw9m90r0bv5pyy8u6ums.jpg\" alt=\"nevado-del-tolima-038\"><\/figure>\n<figure><img decoding=\"async\" src=\"https:\/\/mentesverdesecotur.co\/wp-content\/uploads\/elementor\/thumbs\/picnic-6-nq6mmjyucguchkhww5psp391c3f3gclykkbmpactqs.jpg\" alt=\"picnic (6)\"><\/figure>\n<h3 style=\"text-align: center\">Mentes verdes Ecotur es la agencia de turismo ecol\u00f3gico de la fundaci\u00f3n Mentes Verdes que nace con la intenci\u00f3n de comercializar de forma justa los servicios que ofrecen las diferentes comunidades en Colombia, promoviendo el emprendimiento local, el cuidado del ambiente, fortaleciendo las capacidades t\u00e9cnicas de los operadores en su territorio y ofreciendo todas las comodidades necesarias para el turista nacional y extranjero que quiere aportar a la conservaci\u00f3n del planeta.&nbsp;<\/h3>\n<h3 style=\"text-align: center\">\u00a1Conoce, Vive y Sum\u00e9rgete en los paraisos naturales de Colombia!<\/h3>\n<p><a href=\"#\" role=\"button\"><br \/>\nRESERVAR AHORA<br \/>\n<\/a><\/p>","protected":false},"excerpt":{"rendered":"<p>Mentes verdes Ecotur es la agencia de turismo ecol\u00f3gico de la fundaci\u00f3n Mentes Verdes que nace con la intenci\u00f3n de comercializar de forma justa los servicios que ofrecen las diferentes comunidades en Colombia, promoviendo el emprendimiento local, el cuidado del ambiente, fortaleciendo las capacidades t\u00e9cnicas de los operadores en su territorio y ofreciendo todas las [&hellip;]<\/p>\n","protected":false},"author":2,"featured_media":25,"parent":0,"menu_order":0,"comment_status":"open","ping_status":"closed","template":"","meta":{"_joinchat":[],"footnotes":""},"class_list":["post-6","page","type-page","status-publish","has-post-thumbnail","hentry"],"yoast_head":"<!-- This site is optimized with the Yoast SEO plugin v27.5 - https:\/\/yoast.com\/product\/yoast-seo-wordpress\/ -->\n<title>About - Mentes Verdes Ecotur<\/title>\n<meta name=\"robots\" content=\"index, follow, max-snippet:-1, max-image-preview:large, max-video-preview:-1\" \/>\n<link rel=\"canonical\" href=\"https:\/\/mentesverdesecotur.co\/en\/about\/\" \/>\n<meta property=\"og:locale\" content=\"en_US\" \/>\n<meta property=\"og:type\" content=\"article\" \/>\n<meta property=\"og:title\" content=\"About - Mentes Verdes Ecotur\" \/>\n<meta property=\"og:description\" content=\"Mentes verdes Ecotur es la agencia de turismo ecol\u00f3gico de la fundaci\u00f3n Mentes Verdes que nace con la intenci\u00f3n de comercializar de forma justa los servicios que ofrecen las diferentes comunidades en Colombia, promoviendo el emprendimiento local, el cuidado del ambiente, fortaleciendo las capacidades t\u00e9cnicas de los operadores en su territorio y ofreciendo todas las [&hellip;]\" \/>\n<meta property=\"og:url\" content=\"https:\/\/mentesverdesecotur.co\/en\/about\/\" \/>\n<meta property=\"og:site_name\" content=\"Mentes Verdes Ecotur\" \/>\n<meta property=\"article:publisher\" content=\"https:\/\/www.facebook.com\/mentesverdesecotur\" \/>\n<meta property=\"article:modified_time\" content=\"2023-04-19T04:13:50+00:00\" \/>\n<meta name=\"twitter:card\" content=\"summary_large_image\" \/>\n<script type=\"application\/ld+json\" class=\"yoast-schema-graph\">{\"@context\":\"https:\\\/\\\/schema.org\",\"@graph\":[{\"@type\":\"WebPage\",\"@id\":\"https:\\\/\\\/mentesverdesecotur.co\\\/about\\\/\",\"url\":\"https:\\\/\\\/mentesverdesecotur.co\\\/about\\\/\",\"name\":\"About - Mentes Verdes Ecotur\",\"isPartOf\":{\"@id\":\"https:\\\/\\\/mentesverdesecotur.co\\\/#website\"},\"primaryImageOfPage\":{\"@id\":\"https:\\\/\\\/mentesverdesecotur.co\\\/about\\\/#primaryimage\"},\"image\":{\"@id\":\"https:\\\/\\\/mentesverdesecotur.co\\\/about\\\/#primaryimage\"},\"thumbnailUrl\":\"\",\"datePublished\":\"2017-11-01T19:23:14+00:00\",\"dateModified\":\"2023-04-19T04:13:50+00:00\",\"breadcrumb\":{\"@id\":\"https:\\\/\\\/mentesverdesecotur.co\\\/about\\\/#breadcrumb\"},\"inLanguage\":\"en-US\",\"potentialAction\":[{\"@type\":\"ReadAction\",\"target\":[\"https:\\\/\\\/mentesverdesecotur.co\\\/about\\\/\"]}]},{\"@type\":\"ImageObject\",\"inLanguage\":\"en-US\",\"@id\":\"https:\\\/\\\/mentesverdesecotur.co\\\/about\\\/#primaryimage\",\"url\":\"\",\"contentUrl\":\"\"},{\"@type\":\"BreadcrumbList\",\"@id\":\"https:\\\/\\\/mentesverdesecotur.co\\\/about\\\/#breadcrumb\",\"itemListElement\":[{\"@type\":\"ListItem\",\"position\":1,\"name\":\"Portada\",\"item\":\"https:\\\/\\\/mentesverdesecotur.co\\\/\"},{\"@type\":\"ListItem\",\"position\":2,\"name\":\"About\"}]},{\"@type\":\"WebSite\",\"@id\":\"https:\\\/\\\/mentesverdesecotur.co\\\/#website\",\"url\":\"https:\\\/\\\/mentesverdesecotur.co\\\/\",\"name\":\"Mentes Verdes Ecotur\",\"description\":\"Agencia de ecoturismo comunitario en Colombia\",\"publisher\":{\"@id\":\"https:\\\/\\\/mentesverdesecotur.co\\\/#organization\"},\"potentialAction\":[{\"@type\":\"SearchAction\",\"target\":{\"@type\":\"EntryPoint\",\"urlTemplate\":\"https:\\\/\\\/mentesverdesecotur.co\\\/?s={search_term_string}\"},\"query-input\":{\"@type\":\"PropertyValueSpecification\",\"valueRequired\":true,\"valueName\":\"search_term_string\"}}],\"inLanguage\":\"en-US\"},{\"@type\":\"Organization\",\"@id\":\"https:\\\/\\\/mentesverdesecotur.co\\\/#organization\",\"name\":\"Mentes Verdes Ecotur\",\"url\":\"https:\\\/\\\/mentesverdesecotur.co\\\/\",\"logo\":{\"@type\":\"ImageObject\",\"inLanguage\":\"en-US\",\"@id\":\"https:\\\/\\\/mentesverdesecotur.co\\\/#\\\/schema\\\/logo\\\/image\\\/\",\"url\":\"https:\\\/\\\/mentesverdesecotur.co\\\/wp-content\\\/uploads\\\/2019\\\/11\\\/cropped-Logo-MENTESVERDES-ECOTUR-2017-200px.png\",\"contentUrl\":\"https:\\\/\\\/mentesverdesecotur.co\\\/wp-content\\\/uploads\\\/2019\\\/11\\\/cropped-Logo-MENTESVERDES-ECOTUR-2017-200px.png\",\"width\":200,\"height\":200,\"caption\":\"Mentes Verdes Ecotur\"},\"image\":{\"@id\":\"https:\\\/\\\/mentesverdesecotur.co\\\/#\\\/schema\\\/logo\\\/image\\\/\"},\"sameAs\":[\"https:\\\/\\\/www.facebook.com\\\/mentesverdesecotur\",\"https:\\\/\\\/www.instagram.com\\\/mentesverdesecotur\"]}]}<\/script>\n<!-- \/ Yoast SEO plugin. -->","yoast_head_json":{"title":"About - Mentes Verdes Ecotur","robots":{"index":"index","follow":"follow","max-snippet":"max-snippet:-1","max-image-preview":"max-image-preview:large","max-video-preview":"max-video-preview:-1"},"canonical":"https:\/\/mentesverdesecotur.co\/en\/about\/","og_locale":"en_US","og_type":"article","og_title":"About - Mentes Verdes Ecotur","og_description":"Mentes verdes Ecotur es la agencia de turismo ecol\u00f3gico de la fundaci\u00f3n Mentes Verdes que nace con la intenci\u00f3n de comercializar de forma justa los servicios que ofrecen las diferentes comunidades en Colombia, promoviendo el emprendimiento local, el cuidado del ambiente, fortaleciendo las capacidades t\u00e9cnicas de los operadores en su territorio y ofreciendo todas las [&hellip;]","og_url":"https:\/\/mentesverdesecotur.co\/en\/about\/","og_site_name":"Mentes Verdes Ecotur","article_publisher":"https:\/\/www.facebook.com\/mentesverdesecotur","article_modified_time":"2023-04-19T04:13:50+00:00","twitter_card":"summary_large_image","schema":{"@context":"https:\/\/schema.org","@graph":[{"@type":"WebPage","@id":"https:\/\/mentesverdesecotur.co\/about\/","url":"https:\/\/mentesverdesecotur.co\/about\/","name":"About - Mentes Verdes Ecotur","isPartOf":{"@id":"https:\/\/mentesverdesecotur.co\/#website"},"primaryImageOfPage":{"@id":"https:\/\/mentesverdesecotur.co\/about\/#primaryimage"},"image":{"@id":"https:\/\/mentesverdesecotur.co\/about\/#primaryimage"},"thumbnailUrl":"","datePublished":"2017-11-01T19:23:14+00:00","dateModified":"2023-04-19T04:13:50+00:00","breadcrumb":{"@id":"https:\/\/mentesverdesecotur.co\/about\/#breadcrumb"},"inLanguage":"en-US","potentialAction":[{"@type":"ReadAction","target":["https:\/\/mentesverdesecotur.co\/about\/"]}]},{"@type":"ImageObject","inLanguage":"en-US","@id":"https:\/\/mentesverdesecotur.co\/about\/#primaryimage","url":"","contentUrl":""},{"@type":"BreadcrumbList","@id":"https:\/\/mentesverdesecotur.co\/about\/#breadcrumb","itemListElement":[{"@type":"ListItem","position":1,"name":"Portada","item":"https:\/\/mentesverdesecotur.co\/"},{"@type":"ListItem","position":2,"name":"About"}]},{"@type":"WebSite","@id":"https:\/\/mentesverdesecotur.co\/#website","url":"https:\/\/mentesverdesecotur.co\/","name":"Mentes Verdes Ecotur","description":"Community-based ecotourism agency in Colombia","publisher":{"@id":"https:\/\/mentesverdesecotur.co\/#organization"},"potentialAction":[{"@type":"SearchAction","target":{"@type":"EntryPoint","urlTemplate":"https:\/\/mentesverdesecotur.co\/?s={search_term_string}"},"query-input":{"@type":"PropertyValueSpecification","valueRequired":true,"valueName":"search_term_string"}}],"inLanguage":"en-US"},{"@type":"Organization","@id":"https:\/\/mentesverdesecotur.co\/#organization","name":"Mentes Verdes Ecotur","url":"https:\/\/mentesverdesecotur.co\/","logo":{"@type":"ImageObject","inLanguage":"en-US","@id":"https:\/\/mentesverdesecotur.co\/#\/schema\/logo\/image\/","url":"https:\/\/mentesverdesecotur.co\/wp-content\/uploads\/2019\/11\/cropped-Logo-MENTESVERDES-ECOTUR-2017-200px.png","contentUrl":"https:\/\/mentesverdesecotur.co\/wp-content\/uploads\/2019\/11\/cropped-Logo-MENTESVERDES-ECOTUR-2017-200px.png","width":200,"height":200,"caption":"Mentes Verdes Ecotur"},"image":{"@id":"https:\/\/mentesverdesecotur.co\/#\/schema\/logo\/image\/"},"sameAs":["https:\/\/www.facebook.com\/mentesverdesecotur","https:\/\/www.instagram.com\/mentesverdesecotur"]}]}},"jetpack-related-posts":[],"jetpack_sharing_enabled":true,"_links":{"self":[{"href":"https:\/\/mentesverdesecotur.co\/en\/wp-json\/wp\/v2\/pages\/6","targetHints":{"allow":["GET"]}}],"collection":[{"href":"https:\/\/mentesverdesecotur.co\/en\/wp-json\/wp\/v2\/pages"}],"about":[{"href":"https:\/\/mentesverdesecotur.co\/en\/wp-json\/wp\/v2\/types\/page"}],"author":[{"embeddable":true,"href":"https:\/\/mentesverdesecotur.co\/en\/wp-json\/wp\/v2\/users\/2"}],"replies":[{"embeddable":true,"href":"https:\/\/mentesverdesecotur.co\/en\/wp-json\/wp\/v2\/comments?post=6"}],"version-history":[{"count":0,"href":"https:\/\/mentesverdesecotur.co\/en\/wp-json\/wp\/v2\/pages\/6\/revisions"}],"wp:featuredmedia":[{"embeddable":true,"href":"https:\/\/mentesverdesecotur.co\/en\/wp-json\/"}],"wp:attachment":[{"href":"https:\/\/mentesverdesecotur.co\/en\/wp-json\/wp\/v2\/media?parent=6"}],"curies":[{"name":"wp","href":"https:\/\/api.w.org\/{rel}","templated":true}]}}